{"id":24,"date":"2023-05-29T11:30:42","date_gmt":"2023-05-29T08:30:42","guid":{"rendered":"https:\/\/www.sehertunali.com\/de\/?page_id=24"},"modified":"2024-09-19T11:08:53","modified_gmt":"2024-09-19T08:08:53","slug":"kontakt","status":"publish","type":"page","link":"https:\/\/www.sehertunali.com\/de\/kontakt\/","title":{"rendered":"Kontakt"},"content":{"rendered":"<div class=\"row\">\n<div class=\"col-md-6\">\n<h3>Unsere \u00dcmraniye-Filiale<\/h3>\n<p><strong>\u2014 Seher TUNALI<\/strong><\/p>\n<p><iframe loading=\"lazy\" style=\"border: 0;\" src=\"https:\/\/www.google.com\/maps\/embed?pb=!1m14!1m8!1m3!1d3010.037002452449!2d29.0828826!3d41.0244464!3m2!1i1024!2i768!4f13.1!3m3!1m2!1s0x14cac85c6ccde757%3A0xdef092f3d498ad7b!2zQXRhdMO8cmssIEFsZW1kYcSfIENkIE5vOjE0LCAzNDc2NCDDnG1yYW5peWUvxLBzdGFuYnVs!5e0!3m2!1str!2str!4v1716384220460!5m2!1str!2str\" width=\"100%\" height=\"450\" allowfullscreen=\"allowfullscreen\"><span data-mce-type=\"bookmark\" style=\"display: inline-block; width: 0px; overflow: hidden; line-height: 0;\" class=\"mce_SELRES_start\">\ufeff<\/span><\/iframe><\/p>\n<p><strong>Adresse :<\/strong>\u00a0Atat\u00fcrk Mahallesi Alemda\u011f Cad. No:14\/16 \u00dcmraniye<br \/>\n<strong>Telefon :<\/strong>\u00a0<a href=\"tel:+905539473084\">+90 553 947 3084<\/a><br \/>\n<strong>E-Mail :<\/strong> <a href=\"mailto:info@sehertunali.com\">info@sehertunali.com<\/a><\/p>\n<\/div>\n<div class=\"col-md-6\">\n<h3>Unsere Pendik-Filiale<\/h3>\n<p><strong>\u2014 Seher TUNALI<\/strong><\/p>\n<h3><iframe loading=\"lazy\" style=\"border: 0;\" src=\"https:\/\/www.google.com\/maps\/embed?pb=!1m18!1m12!1m3!1d3016.7206550382575!2d29.2321339!3d40.8780042!2m3!1f0!2f0!3f0!3m2!1i1024!2i768!4f13.1!3m3!1m2!1s0x14cadd24f83569ed%3A0xea3fc9fe5aa14916!2sRenew%20Beauty%20Pendik%20%C5%9Eube%202!5e0!3m2!1str!2str!4v1716384342784!5m2!1str!2str\" width=\"100%\" height=\"450\" allowfullscreen=\"allowfullscreen\"><\/iframe><\/h3>\n<p><strong>Adresse :<\/strong>\u00a0Do\u011fu, Gazi Pa\u015fa Cd. No:19, 34890 Pendik<br \/>\n<strong>Telefon :<\/strong>\u00a0<a href=\"tel:+905539473084\">+90 553 947 3084<\/a><br \/>\n<strong>E-Mail :<\/strong> <a href=\"mailto:info@sehertunali.com\">info@sehertunali.com<\/a><\/p>\n<\/div>\n<div class=\"col-md-6\">\n<h3>Unsere Kad\u0131k\u00f6y-Filiale<\/h3>\n<p><strong>\u2014 Seher TUNALI<\/strong><\/p>\n<h3><iframe loading=\"lazy\" style=\"border: 0;\" src=\"https:\/\/www.google.com\/maps\/embed?pb=!1m18!1m12!1m3!1d3011.665769588159!2d29.028529!3d40.988799!2m3!1f0!2f0!3f0!3m2!1i1024!2i768!4f13.1!3m3!1m2!1s0x14cab8660aad979d%3A0x9c989061b45d4061!2zT3NtYW5hxJ9hLCBHZW4uIEFzxLFtIEfDvG5kw7x6IENkLiBObzo0MCwgMzQ3MTQgS2FkxLFrw7Z5L8Swc3RhbmJ1bA!5e0!3m2!1str!2str!4v1716384501468!5m2!1str!2str\" width=\"100%\" height=\"450\" allowfullscreen=\"allowfullscreen\"><span data-mce-type=\"bookmark\" style=\"display: inline-block; width: 0px; overflow: hidden; line-height: 0;\" class=\"mce_SELRES_start\">\ufeff<\/span><\/iframe><\/h3>\n<p><strong>Adresse :<\/strong>\u00a0Osmana\u011fa Mah.\u00a0Bahariye Cad. No:40\/2 Kad\u0131k\u00f6y<br \/>\n<strong>Telefon :<\/strong>\u00a0<a href=\"tel:+905539473084\">+90 553 947 3084<\/a><br \/>\n<strong>E-Mail :<\/strong> <a href=\"mailto:info@sehertunali.com\">info@sehertunali.com<\/a><\/p>\n<\/div>\n<div class=\"col-md-6\">\n<h3>Unsere Gebze-Filiale<\/h3>\n<p><strong>\u2014 Seher TUNALI<\/strong><\/p>\n<h3><iframe loading=\"lazy\" style=\"border: 0;\" src=\"https:\/\/www.google.com\/maps\/embed?pb=!1m14!1m8!1m3!1d48302.918894927476!2d29.3690754!3d40.8294478!3m2!1i1024!2i768!4f13.1!3m3!1m2!1s0x14cb20891c39e279%3A0x4d21b7d082266a73!2sPTT%20BANK%20GEBZE%20%C5%9EUBES%C4%B0!5e0!3m2!1str!2str!4v1716384600294!5m2!1str!2str\" width=\"100%\" height=\"450\" allowfullscreen=\"allowfullscreen\"><span data-mce-type=\"bookmark\" style=\"display: inline-block; width: 0px; overflow: hidden; line-height: 0;\" class=\"mce_SELRES_start\">\ufeff<\/span><\/iframe><\/h3>\n<p><strong>Adresse :<\/strong>\u00a0Hac\u0131 Halil Mah. Cumhuriyet Meydan\u0131 1219 Sok. Ptt Yan\u0131 No:4 Kat:3 Gebze\/ Kocaeli<br \/>\n<strong>Telefon :<\/strong>\u00a0<a href=\"tel:+905539473084\">+90 553 947 3084<\/a><br \/>\n<strong>E-Mail :<\/strong> <a href=\"mailto:info@sehertunali.com\">info@sehertunali.com<\/a><\/p>\n<\/div>\n<\/div>\n<hr \/>\n","protected":false},"excerpt":{"rendered":"<p>Unsere \u00dcmraniye-Filiale \u2014 Seher TUNALI \ufeff Adresse :\u00a0Atat\u00fcrk Mahallesi Alemda\u011f Cad. No:14\/16 \u00dcmraniye Telefon :\u00a0+90 553 947 3084 E-Mail : info@sehertunali.com Unsere Pendik-Filiale \u2014 Seher TUNALI Adresse :\u00a0Do\u011fu, Gazi Pa\u015fa Cd. No:19, 34890 Pendik Telefon :\u00a0+90 553 947 3084 E-Mail : info@sehertunali.com Unsere Kad\u0131k\u00f6y-Filiale \u2014 Seher TUNALI \ufeff Adresse :\u00a0Osmana\u011fa Mah.\u00a0Bahariye Cad. No:40\/2 Kad\u0131k\u00f6y Telefon [&hellip;]<\/p>\n","protected":false},"author":1,"featured_media":448,"parent":0,"menu_order":0,"comment_status":"closed","ping_status":"closed","template":"","meta":{"footnotes":""},"class_list":["post-24","page","type-page","status-publish","has-post-thumbnail","hentry"],"_links":{"self":[{"href":"https:\/\/www.sehertunali.com\/de\/wp-json\/wp\/v2\/pages\/24","targetHints":{"allow":["GET"]}}],"collection":[{"href":"https:\/\/www.sehertunali.com\/de\/wp-json\/wp\/v2\/pages"}],"about":[{"href":"https:\/\/www.sehertunali.com\/de\/wp-json\/wp\/v2\/types\/page"}],"author":[{"embeddable":true,"href":"https:\/\/www.sehertunali.com\/de\/wp-json\/wp\/v2\/users\/1"}],"replies":[{"embeddable":true,"href":"https:\/\/www.sehertunali.com\/de\/wp-json\/wp\/v2\/comments?post=24"}],"version-history":[{"count":21,"href":"https:\/\/www.sehertunali.com\/de\/wp-json\/wp\/v2\/pages\/24\/revisions"}],"predecessor-version":[{"id":764,"href":"https:\/\/www.sehertunali.com\/de\/wp-json\/wp\/v2\/pages\/24\/revisions\/764"}],"wp:featuredmedia":[{"embeddable":true,"href":"https:\/\/www.sehertunali.com\/de\/wp-json\/wp\/v2\/media\/448"}],"wp:attachment":[{"href":"https:\/\/www.sehertunali.com\/de\/wp-json\/wp\/v2\/media?parent=24"}],"curies":[{"name":"wp","href":"https:\/\/api.w.org\/{rel}","templated":true}]}}