{"id":17,"date":"2023-05-29T11:27:24","date_gmt":"2023-05-29T08:27:24","guid":{"rendered":"https:\/\/www.sehertunali.com\/de\/?page_id=17"},"modified":"2024-09-18T13:45:55","modified_gmt":"2024-09-18T10:45:55","slug":"uber-mich","status":"publish","type":"page","link":"https:\/\/www.sehertunali.com\/de\/uber-mich\/","title":{"rendered":"\u00dcber Mich"},"content":{"rendered":"<p class=\"vc_custom_heading\">Seit \u00fcber zehn Jahren widme ich meine Energie und Talente einem Thema: der Sch\u00f6nheit. Da es Menschen erm\u00f6glicht, sich besser auszudr\u00fccken und Selbstvertrauen zu gewinnen; Dieser Beruf bedeutet mir sehr viel.<\/p>\n<p><strong>Hallo,<\/strong><\/p>\n<p>Ich wurde 1984 in Tokat geboren. Ich bin Mutter von zwei Kindern und arbeite seit meinem 18. Lebensjahr als erfahrene Kosmetikerin in der Sch\u00f6nheitsbranche. Seit etwa 6 Jahren betreibe ich 5 Kliniken in verschiedenen Regionen von Istanbul und Kocaeli.<\/p>\n<p>Mit meiner langj\u00e4hrigen Erfahrung in dieser Branche und meinen erfahrenen Mitarbeitern m\u00f6chte ich zuerst unsere Gesundheit sch\u00fctzen und Ihnen dann mit Hilfe modernster Technologie unendliche Zufriedenheit bringen.<\/p>\n<p>Ich k\u00fcmmere mich sehr um Details und ich denke, dass Perfektion im Detail liegt. Mit der Energie, die ich von Ihnen bekomme, strebe ich weiterhin danach, jeden meiner Schritte perfekt zu machen.<\/p>\n<p><iframe loading=\"lazy\" title=\"YouTube video player\" src=\"https:\/\/www.youtube.com\/embed\/WM2CT-7L5hY?si=SXfoHH8oWvV6rBw4\" width=\"100%\" height=\"550\" frameborder=\"0\" allowfullscreen=\"allowfullscreen\"><\/iframe><\/p>\n","protected":false},"excerpt":{"rendered":"<p>Seit \u00fcber zehn Jahren widme ich meine Energie und Talente einem Thema: der Sch\u00f6nheit. Da es Menschen erm\u00f6glicht, sich besser auszudr\u00fccken und Selbstvertrauen zu gewinnen; Dieser Beruf bedeutet mir sehr viel. Hallo, Ich wurde 1984 in Tokat geboren. Ich bin Mutter von zwei Kindern und arbeite seit meinem 18. Lebensjahr als erfahrene Kosmetikerin in der [&hellip;]<\/p>\n","protected":false},"author":1,"featured_media":448,"parent":0,"menu_order":0,"comment_status":"closed","ping_status":"closed","template":"","meta":{"footnotes":""},"class_list":["post-17","page","type-page","status-publish","has-post-thumbnail","hentry"],"_links":{"self":[{"href":"https:\/\/www.sehertunali.com\/de\/wp-json\/wp\/v2\/pages\/17","targetHints":{"allow":["GET"]}}],"collection":[{"href":"https:\/\/www.sehertunali.com\/de\/wp-json\/wp\/v2\/pages"}],"about":[{"href":"https:\/\/www.sehertunali.com\/de\/wp-json\/wp\/v2\/types\/page"}],"author":[{"embeddable":true,"href":"https:\/\/www.sehertunali.com\/de\/wp-json\/wp\/v2\/users\/1"}],"replies":[{"embeddable":true,"href":"https:\/\/www.sehertunali.com\/de\/wp-json\/wp\/v2\/comments?post=17"}],"version-history":[{"count":12,"href":"https:\/\/www.sehertunali.com\/de\/wp-json\/wp\/v2\/pages\/17\/revisions"}],"predecessor-version":[{"id":709,"href":"https:\/\/www.sehertunali.com\/de\/wp-json\/wp\/v2\/pages\/17\/revisions\/709"}],"wp:featuredmedia":[{"embeddable":true,"href":"https:\/\/www.sehertunali.com\/de\/wp-json\/wp\/v2\/media\/448"}],"wp:attachment":[{"href":"https:\/\/www.sehertunali.com\/de\/wp-json\/wp\/v2\/media?parent=17"}],"curies":[{"name":"wp","href":"https:\/\/api.w.org\/{rel}","templated":true}]}}